{"id":1207,"date":"2015-11-04T14:19:33","date_gmt":"2015-11-04T14:19:33","guid":{"rendered":"http:\/\/chandelier.elated-themes.com\/?page_id=1207"},"modified":"2024-05-01T01:38:39","modified_gmt":"2024-05-01T01:38:39","slug":"servicios","status":"publish","type":"page","link":"https:\/\/maijestique.com\/?page_id=1207","title":{"rendered":"Servicios"},"content":{"rendered":"<div class=\"wpb-content-wrapper\"><p>[vc_row row_type=\u00bbrow\u00bb content_width=\u00bbfull-width\u00bb anchor=\u00bb\u00bb content_aligment=\u00bbleft\u00bb css_animation=\u00bb\u00bb css=\u00bb.vc_custom_1714410589982{background-image: url(https:\/\/maijestique.com\/wp-content\/uploads\/2024\/04\/servicios-title.jpg?id=4427) !important;background-position: center !important;background-repeat: no-repeat !important;background-size: cover !important;}\u00bb][vc_column][vc_empty_space height=\u00bb360&#8243;][\/vc_column][\/vc_row][vc_row row_type=\u00bbrow\u00bb content_width=\u00bbgrid\u00bb anchor=\u00bb\u00bb content_aligment=\u00bbleft\u00bb css_animation=\u00bb\u00bb][vc_column][vc_empty_space]\n<h2 class=\"eltd-custom-font-holder\" style=\"font-family: montserrat;font-weight: 500;text-align: center;color: #604288\">\n\tNuestro equipo de trabajo<\/h2>[vc_empty_space][vc_column_text css=\u00bb\u00bb]<span style=\"color: #d11e6c;\">En nuestro equipo de trabajo contamos con Dise\u00f1adores, Impresores, Decoradores y personal t\u00e9cnico. Cada uno de ellos capacitado y apasionado de su respectiva \u00e1rea.<\/span>[\/vc_column_text][vc_empty_space height=\u00bb40&#8243;]\n<h2 class=\"eltd-custom-font-holder\" style=\"font-family: montserrat;font-weight: 500;text-align: center;color: #604288\">\n\tNuestro objetivo<\/h2>[vc_column_text css=\u00bb\u00bb]Nuestro objetivo como equipo es brindar el asesoramiento necesario y adecuado en cada uno de los diferentes campos que cubrimos, ofreciendo soluciones confiables, econ\u00f3micas y eficientes.[\/vc_column_text][vc_empty_space height=\u00bb40&#8243;][vc_row_inner row_type=\u00bbrow\u00bb content_width=\u00bbfull-width\u00bb content_aligment=\u00bbleft\u00bb css_animation=\u00bb\u00bb][vc_column_inner width=\u00bb1\/4&#8243;][vc_single_image image=\u00bb4483&#8243; img_size=\u00bb255&#215;225&#8243; css=\u00bb\u00bb][\/vc_column_inner][vc_column_inner width=\u00bb1\/4&#8243;][vc_single_image image=\u00bb4485&#8243; img_size=\u00bb255&#215;225&#8243; css=\u00bb\u00bb][\/vc_column_inner][vc_column_inner width=\u00bb1\/4&#8243;][vc_single_image image=\u00bb4486&#8243; img_size=\u00bb255&#215;225&#8243; css=\u00bb\u00bb][\/vc_column_inner][vc_column_inner width=\u00bb1\/4&#8243;][vc_single_image image=\u00bb4488&#8243; img_size=\u00bb255&#215;225&#8243; alignment=\u00bbcenter\u00bb css=\u00bb\u00bb][\/vc_column_inner][\/vc_row_inner][\/vc_column][\/vc_row][vc_row row_type=\u00bbrow\u00bb content_width=\u00bbfull-width\u00bb anchor=\u00bb\u00bb content_aligment=\u00bbcenter\u00bb css_animation=\u00bb\u00bb][vc_column]\n\n\t<div class=\"eltd-call-to-action normal\" style=\"padding: 20px;\">\n\n\t\t\t\t<div class=\"eltd-container-inner\">\n\t\t\t\t\t<div class=\"eltd-call-to-action-row-75-25 clearfix\">\n\t\t\n\t\t\t\t<div class=\"eltd-text-wrapper eltd-call-to-action-column1 eltd-call-to-action-cell\">\n\n\t\t\t\t\n\t\t\t\t\t<div class=\"eltd-call-to-action-text\" >\n\t\t\t\t\t\t<\/p>\n<h5><span style=\"color: #604288;\"><strong>MAIJESTIQUE<\/strong> brinda sus servicios de Impresi\u00f3n de globos y decoraci\u00f3n a nivel Nacional e Internacional para personas y empresas que buscan servicios de confianza y calidad.<\/span><\/h5>\n<p>\t\t\t\t\t<\/div>\n\n\t\t\t\t<\/div>\n\n\t\t\t\t\n\t\t\t\t\t<div class=\"eltd-button-wrapper eltd-call-to-action-column2 eltd-call-to-action-cell\" style =\"text-align: right ;\">\n\n\t\t\t\t\t\t<a href=\"#\" target=\"_self\"  class=\"eltd-btn eltd-btn-large eltd-btn-solid eltd-btn-icon\"  >    <span class=\"eltd-btn-text\">\u00a1Cotiza ya!<\/span>    <i class=\"eltd-icon-font-awesome fa fa-envelope \" ><\/i><\/a>\n\t\t\t\t\t<\/div>\n\n\t\t\t\t\n\t\t\t<\/div>\n\n\t\t\t\t<\/div>\n\t\t\n\t<\/div>\n\n[vc_empty_space][\/vc_column][\/vc_row][vc_row row_type=\u00bbrow\u00bb content_width=\u00bbgrid\u00bb anchor=\u00bb\u00bb content_aligment=\u00bbleft\u00bb css_animation=\u00bb\u00bb][vc_column][vc_empty_space height=\u00bb40&#8243;]\n<h3 class=\"eltd-custom-font-holder\" style=\"font-family: montserrat;font-weight: 500;text-align: left;color: #604288\">\n\tImpresi\u00f3n de globos<\/h3>[vc_column_text css=\u00bb\u00bb]Contamos con una basta experiencia en impresi\u00f3n y personalizaci\u00f3n en globos, tu pones la idea, y nosotros lo llevamos a la realidad. Impresiones en globos de tama\u00f1o <strong>12<\/strong>, <strong>18<\/strong>, <strong>24<\/strong> y <strong>36<\/strong> pulgadas.[\/vc_column_text][vc_empty_space height=\u00bb40&#8243;][vc_row_inner row_type=\u00bbrow\u00bb content_width=\u00bbfull-width\u00bb content_aligment=\u00bbleft\u00bb css_animation=\u00bb\u00bb][vc_column_inner width=\u00bb1\/2&#8243;][vc_single_image image=\u00bb4490&#8243; img_size=\u00bb535&#215;476&#8243; alignment=\u00bbcenter\u00bb css=\u00bb\u00bb][\/vc_column_inner][vc_column_inner width=\u00bb1\/2&#8243; css=\u00bb.vc_custom_1714427016502{border-top-width: 4px !important;border-right-width: 4px !important;border-bottom-width: 4px !important;border-left-width: 4px !important;padding-bottom: 220px !important;border-left-style: solid !important;border-right-style: solid !important;border-top-style: solid !important;border-bottom-style: solid !important;border-color: #604288 !important;}\u00bb]<div class=\"eltd-section-title-outer-holder animate\" style=\"text-align: left\">\n\t<div class=\"eltd-section-title-subtitle-holder\">\n\t\t<h3 class=\"eltd-section-subtitle\" style=\";\"><\/h3>\n\t<\/div>\n\t<div class=\"eltd-section-title-holder\">\n\t\t<h2 class=\"eltd-section-title\" style=\";color: #604288\">Personalizaci\u00f3n<\/h2>\n\t<\/div>\n<\/div>[vc_text_separator title=\u00bb\u00bb title_align=\u00bbseparator_align_left\u00bb color=\u00bbviolet\u00bb border_width=\u00bb4&#8243; css=\u00bb\u00bb][vc_column_text css=\u00bb\u00bb]D\u00eda a d\u00eda los globos ratifican ser el infaltable en eventos y celebraciones, aparte de ser un excelente instrumento para dar a conocer nuestras marcas y a la vez pueda ser visto por muchas personas. Es una publicidad divertida y colorida entregada a tu publico objetivo de una manera diferente.[\/vc_column_text][\/vc_column_inner][\/vc_row_inner][vc_empty_space height=\u00bb40&#8243;][vc_row_inner row_type=\u00bbrow\u00bb content_width=\u00bbfull-width\u00bb content_aligment=\u00bbleft\u00bb css_animation=\u00bb\u00bb][vc_column_inner width=\u00bb1\/2&#8243;][vc_single_image image=\u00bb4487&#8243; img_size=\u00bb535&#215;476&#8243; alignment=\u00bbcenter\u00bb css=\u00bb\u00bb][\/vc_column_inner][vc_column_inner width=\u00bb1\/2&#8243;][vc_single_image image=\u00bb4489&#8243; img_size=\u00bb535&#215;476&#8243; alignment=\u00bbcenter\u00bb css=\u00bb\u00bb][\/vc_column_inner][\/vc_row_inner][vc_empty_space height=\u00bb40&#8243;]<div class=\"eltd-iwt clearfix eltd-iwt-icon-left eltd-iwt-icon-medium\">\n    <div class=\"eltd-iwt-icon-holder\">\n                    \n    <span class=\"eltd-icon-shortcode circle eltd-icon-medium\" style=\"margin: 10px\" >\n        \n        <i class=\"eltd-icon-ion-icon ion-happy eltd-icon-element\" style=\"\" ><\/i>\n            <\/span>\n\n            <\/div>\n    <div class=\"eltd-iwt-content-holder\" >\n        <div class=\"eltd-iwt-title-holder\">\n            <h4 style=\"color: #dd9933\">\u00a1Tu decides como entregamos tus globos!<\/h4>\n        <\/div>\n        <div class=\"eltd-iwt-text-holder\">\n            <p >Contamos con servicio de inflado con aire regular y tus globos envarillados en palitos biodegradables o con helio en un bouquet de globos con su contrapeso.<\/p>\n\n                    <\/div>\n    <\/div>\n<\/div>[vc_zigzag color=\u00bbviolet\u00bb][\/vc_column][\/vc_row][vc_row row_type=\u00bbrow\u00bb content_width=\u00bbgrid\u00bb anchor=\u00bb\u00bb content_aligment=\u00bbleft\u00bb css_animation=\u00bb\u00bb][vc_column][vc_empty_space]\n<h3 class=\"eltd-custom-font-holder\" style=\"font-family: montserrat;font-weight: 500;text-align: left;color: #604288\">\n\tDecoraci\u00f3n de globos<\/h3>[vc_column_text css=\u00bb\u00bb]Tenemos asesoramiento especializad para que puedas escoger la decoraci\u00f3n ideal para tu evento, contamos con gran variedad de productos: arcos, bouquets, guirnaldas, columnas de globos y mas para decorar.[\/vc_column_text][vc_empty_space][vc_row_inner row_type=\u00bbrow\u00bb content_width=\u00bbfull-width\u00bb content_aligment=\u00bbleft\u00bb css_animation=\u00bb\u00bb][vc_column_inner width=\u00bb1\/2&#8243;][vc_single_image image=\u00bb4491&#8243; img_size=\u00bb535&#215;476&#8243; alignment=\u00bbcenter\u00bb css=\u00bb\u00bb][\/vc_column_inner][vc_column_inner width=\u00bb1\/2&#8243;][vc_single_image image=\u00bb4492&#8243; img_size=\u00bb535&#215;476&#8243; alignment=\u00bbcenter\u00bb css=\u00bb\u00bb][\/vc_column_inner][\/vc_row_inner][vc_row_inner row_type=\u00bbrow\u00bb content_width=\u00bbfull-width\u00bb content_aligment=\u00bbleft\u00bb css_animation=\u00bb\u00bb][vc_column_inner width=\u00bb1\/2&#8243;][vc_empty_space][vc_single_image image=\u00bb4494&#8243; img_size=\u00bb535&#215;476&#8243; alignment=\u00bbcenter\u00bb css=\u00bb\u00bb][\/vc_column_inner][vc_column_inner width=\u00bb1\/2&#8243;][vc_empty_space][vc_single_image image=\u00bb4493&#8243; img_size=\u00bb535&#215;476&#8243; alignment=\u00bbcenter\u00bb css=\u00bb\u00bb][\/vc_column_inner][\/vc_row_inner][\/vc_column][\/vc_row][vc_row row_type=\u00bbrow\u00bb content_width=\u00bbgrid\u00bb anchor=\u00bb\u00bb content_aligment=\u00bbleft\u00bb css_animation=\u00bb\u00bb][vc_column][vc_empty_space][vc_column_text css=\u00bb\u00bb]<\/p>\n<h4 style=\"text-align: center;\"><strong><span style=\"color: #604288;\">Servicio, cumplimiento y productos de calidad es como nos identifican nuestros clientes.<\/span><\/strong><\/h4>\n<p>[\/vc_column_text][vc_empty_space][vc_zigzag color=\u00bbviolet\u00bb][vc_empty_space]\n<h3 class=\"eltd-custom-font-holder\" style=\"font-family: montserrat;font-weight: 500;text-align: left;color: #604288\">\n\tArreglos<\/h3>[vc_column_text css=\u00bb\u00bb]Nuestros arreglos son creados y entregado para los momentos especiales de la vida. Nuestros dise\u00f1os distintivos son una expresi\u00f3n de la elegancia.[\/vc_column_text][vc_empty_space][vc_single_image image=\u00bb4462&#8243; img_size=\u00bb900&#215;800&#8243; alignment=\u00bbcenter\u00bb css=\u00bb\u00bb][vc_empty_space][vc_column_text css=\u00bb\u00bb]Cada uno de nuestro arreglos son cuidadosamente adapto a los requisitos de nuestros clientes, son la manera perfecta de celebrar la vida.[\/vc_column_text][\/vc_column][\/vc_row][vc_row row_type=\u00bbrow\u00bb content_width=\u00bbgrid\u00bb anchor=\u00bb\u00bb content_aligment=\u00bbleft\u00bb css_animation=\u00bb\u00bb][vc_column][vc_empty_space][vc_zigzag color=\u00bbviolet\u00bb][vc_empty_space][\/vc_column][\/vc_row][vc_row row_type=\u00bbrow\u00bb content_width=\u00bbgrid\u00bb anchor=\u00bb\u00bb content_aligment=\u00bbleft\u00bb css_animation=\u00bb\u00bb][vc_column]\n<h3 class=\"eltd-custom-font-holder\" style=\"font-family: montserrat;font-weight: 500;text-align: left;color: #604288\">\n\tEventos<\/h3>[vc_column_text css=\u00bb\u00bb]Tenemos asesoramiento especializado para que puedas escoger la decoraci\u00f3n ideal para tu evento, contamos con gran variedad de productos: arcos, bouquets, guirnaldas, columnas de globos y m\u00e1s para decorar.[\/vc_column_text][vc_empty_space][vc_single_image image=\u00bb4465&#8243; img_size=\u00bb900&#215;800&#8243; alignment=\u00bbcenter\u00bb css=\u00bb\u00bb][vc_empty_space][vc_column_text css=\u00bb\u00bb]Contamos con el equipo y la experiencia para dar soluci\u00f3n a tus necesidades, somos creativos y especialistas en dar una respuesta efectiva al tipo de decoraci\u00f3n que necesites, ya sea con globos y flores o una mezcla de ambas.[\/vc_column_text][vc_empty_space][vc_zigzag color=\u00bbviolet\u00bb][\/vc_column][\/vc_row][vc_row row_type=\u00bbrow\u00bb content_width=\u00bbgrid\u00bb anchor=\u00bb\u00bb content_aligment=\u00bbleft\u00bb css_animation=\u00bb\u00bb][vc_column][vc_empty_space]\n<h3 class=\"eltd-custom-font-holder\" style=\"font-family: montserrat;font-weight: 500;text-align: left;color: #604288\">\n\tPromocionales<\/h3>[vc_column_text css=\u00bb\u00bb]Queremos apoyarte en todo lo que est\u00e9s necesitando, por eso contamos con profesionales en dise\u00f1o gr\u00e1fico que te pueden orientar en tus dise\u00f1os y plasmarlos en tus art\u00edculos para promocionar tu marca \u00f3 producto.[\/vc_column_text][vc_empty_space][vc_single_image image=\u00bb4470&#8243; img_size=\u00bb900&#215;434&#8243; alignment=\u00bbcenter\u00bb css=\u00bb\u00bb][vc_empty_space][vc_row_inner row_type=\u00bbrow\u00bb content_width=\u00bbfull-width\u00bb content_aligment=\u00bbleft\u00bb css_animation=\u00bb\u00bb][vc_column_inner width=\u00bb1\/2&#8243;][vc_single_image image=\u00bb4495&#8243; img_size=\u00bb535&#215;476&#8243; alignment=\u00bbcenter\u00bb css=\u00bb\u00bb][\/vc_column_inner][vc_column_inner width=\u00bb1\/2&#8243;][vc_empty_space height=\u00bb92px\u00bb]\n<h3 class=\"eltd-custom-font-holder\" style=\"font-family: montserrat;font-weight: 500;text-align: left;color: #604288\">\n\tSublimaci\u00f3n de tazas<\/h3>[vc_column_text css=\u00bb\u00bb]Ofrecemos servicio de sublimaci\u00f3n de tazas y termos para empresas y personas particulares, le llevamos el producto a su casa u oficina para mayor comodidad (<strong>pedidos mayor de 12 unidades<\/strong>).[\/vc_column_text][\/vc_column_inner][\/vc_row_inner][vc_empty_space height=\u00bb62px\u00bb][\/vc_column][\/vc_row][vc_row row_type=\u00bbrow\u00bb content_width=\u00bbgrid\u00bb anchor=\u00bb\u00bb content_aligment=\u00bbleft\u00bb css_animation=\u00bb\u00bb][vc_column][vc_row_inner row_type=\u00bbrow\u00bb content_width=\u00bbfull-width\u00bb content_aligment=\u00bbleft\u00bb css_animation=\u00bb\u00bb][vc_column_inner]\n<div class=\"eltd-custom-font-holder\" style=\"font-size: 80px;font-weight: 700;text-align: center;color: #dd9933\"data-font-size= 80>\n\t\u00a1Somos Maijestique!<\/div>[\/vc_column_inner][\/vc_row_inner][vc_empty_space][\/vc_column][\/vc_row][vc_row row_type=\u00bbrow\u00bb content_width=\u00bbgrid\u00bb anchor=\u00bb\u00bb content_aligment=\u00bbleft\u00bb css_animation=\u00bb\u00bb][vc_column][vc_zigzag color=\u00bbviolet\u00bb][vc_empty_space]\n<h3 class=\"eltd-custom-font-holder\" style=\"font-family: montserrat;font-weight: 500;text-align: left;color: #604288\">\n\tDistribuci\u00f3n a floristerias<\/h3>[vc_column_text css=\u00bb\u00bb]En Maijestique contamos con una amplia selecci\u00f3n de art\u00edculos para florister\u00edas, los aficionados de las flores y emprendedores, a nivel Nacional.[\/vc_column_text][vc_empty_space][vc_single_image image=\u00bb4474&#8243; img_size=\u00bbfull\u00bb alignment=\u00bbcenter\u00bb css=\u00bb\u00bb][vc_empty_space]\n<h3 class=\"eltd-custom-font-holder\" style=\"font-family: montserrat;font-weight: 500;text-align: left;color: #604288\">\n\tDistribuci\u00f3n de globos<\/h3>[vc_column_text css=\u00bb\u00bb]Junto con los art\u00edculos florales, los globos juegan un papel importante en la distribuci\u00f3n de nuestra empresa, ofrecemos variedad de tama\u00f1os, temas y colores.[\/vc_column_text][vc_empty_space][vc_single_image image=\u00bb4496&#8243; img_size=\u00bbfull\u00bb alignment=\u00bbcenter\u00bb css=\u00bb\u00bb][vc_empty_space height=\u00bb132px\u00bb][\/vc_column][\/vc_row]<\/p>\n<\/div>","protected":false},"excerpt":{"rendered":"<p>[vc_row row_type=\u00bbrow\u00bb content_width=\u00bbfull-width\u00bb anchor=\u00bb\u00bb content_aligment=\u00bbleft\u00bb css_animation=\u00bb\u00bb css=\u00bb.vc_custom_1714410589982{background-image: url(https:\/\/maijestique.com\/wp-content\/uploads\/2024\/04\/servicios-title.jpg?id=4427) !important;background-position: center !important;background-repeat: no-repeat !important;background-size: cover !important;}\u00bb][vc_column][vc_empty_space height=\u00bb360&#8243;][\/vc_column][\/vc_row][vc_row row_type=\u00bbrow\u00bb content_width=\u00bbgrid\u00bb anchor=\u00bb\u00bb content_aligment=\u00bbleft\u00bb css_animation=\u00bb\u00bb][vc_column][vc_empty_space][vc_empty_space][vc_column_text css=\u00bb\u00bb]En nuestro equipo de trabajo contamos con Dise\u00f1adores, Impresores, Decoradores y personal t\u00e9cnico. Cada uno de ellos capacitado y apasionado de su respectiva \u00e1rea.[\/vc_column_text][vc_empty_space&#8230;<\/p>\n","protected":false},"author":1,"featured_media":0,"parent":195,"menu_order":0,"comment_status":"closed","ping_status":"closed","template":"full-width.php","meta":{"footnotes":""},"_links":{"self":[{"href":"https:\/\/maijestique.com\/index.php?rest_route=\/wp\/v2\/pages\/1207"}],"collection":[{"href":"https:\/\/maijestique.com\/index.php?rest_route=\/wp\/v2\/pages"}],"about":[{"href":"https:\/\/maijestique.com\/index.php?rest_route=\/wp\/v2\/types\/page"}],"author":[{"embeddable":true,"href":"https:\/\/maijestique.com\/index.php?rest_route=\/wp\/v2\/users\/1"}],"replies":[{"embeddable":true,"href":"https:\/\/maijestique.com\/index.php?rest_route=%2Fwp%2Fv2%2Fcomments&post=1207"}],"version-history":[{"count":45,"href":"https:\/\/maijestique.com\/index.php?rest_route=\/wp\/v2\/pages\/1207\/revisions"}],"predecessor-version":[{"id":4497,"href":"https:\/\/maijestique.com\/index.php?rest_route=\/wp\/v2\/pages\/1207\/revisions\/4497"}],"up":[{"embeddable":true,"href":"https:\/\/maijestique.com\/index.php?rest_route=\/wp\/v2\/pages\/195"}],"wp:attachment":[{"href":"https:\/\/maijestique.com\/index.php?rest_route=%2Fwp%2Fv2%2Fmedia&parent=1207"}],"curies":[{"name":"wp","href":"https:\/\/api.w.org\/{rel}","templated":true}]}}